{"id":296,"date":"2021-01-21T15:41:24","date_gmt":"2021-01-21T14:41:24","guid":{"rendered":"https:\/\/laparadedubois.fr\/?page_id=296"},"modified":"2021-01-21T15:46:42","modified_gmt":"2021-01-21T14:46:42","slug":"cgv","status":"publish","type":"page","link":"https:\/\/laparadedubois.fr\/?page_id=296","title":{"rendered":"CGV"},"content":{"rendered":"<h1 class=\"wp-block-heading\">Conditions G\u00e9n\u00e9rales de Vente<\/h1><p>Les conditions g\u00e9n\u00e9rales de ventes d\u00e9crites ci-apr\u00e8s d\u00e9taillent les droits et obligations du vendeur (l\u2019entreprise LaparadeDuBois) et de l\u2019acheteur (le client) dans le cadre de la vente en ligne sur le site laparadedubois.fr.<\/p><p>Les conditions applicables \u00e0 toute commande sont celles en vigueur au moment de la passation de la commande.<\/p><p>En confirmant sa commande, le client reconnait en avoir pris connaissance et les accepter dans leur int\u00e9gralit\u00e9 et sans r\u00e9serves.<\/p><h4 class=\"wp-block-heading\"><strong>Article 1 : Identification du vendeur<\/strong><\/h4><p>LaparadeDuBois \u2013 Sebasatien Laparade, 2 Lieu dit L&rsquo;Hotel neuf, 22800 Saint-Donan.<\/p><p>Siret&nbsp;: 83877197000012 (enregistr\u00e9 \u00e0 la Chambre des M\u00e9tiers et de l\u2019Artisanat des Cotes d&rsquo;Armor).<\/p><p>L\u2019entreprise Toutanboa est joignable via le&nbsp;<a href=\"https:\/\/laparadedubois.fr\/index.php\/contact-2\/\">formulaire de contact<\/a>, par courrier \u00e9lectronique (<a href=\"mailto:contact@toutanboa.fr\">info@laparadedubois.fr<\/a>) ou bien encore par t\u00e9l\u00e9phone (06 74 08 54 66).<\/p><h4 class=\"wp-block-heading\"><strong>Article 2 : Produits vendus<\/strong><\/h4><p>L\u2019entreprise LaparadeDuBois  propose \u00e0 la vente en ligne sur son site internet laparadedubois.fr des objets (d\u00e9co, planche a decouper,stylo etc.), meubles, luminaires, lampes de table ainsi que des r\u00e9alisations sur mesure en bois recycl\u00e9.<\/p><p>L\u2019ensemble de ces cr\u00e9ations sont fabriqu\u00e9es artisanalement, ce qui implique la pr\u00e9sence potentielle de petits d\u00e9fauts ou diff\u00e9rences entre les produits. Le client y verra un gage de travail artisanal et d\u2019unicit\u00e9 propre au \u00ab&nbsp;fait-main&nbsp;\u00bb.<\/p><p>Chaque produit est identifi\u00e9 par une ou plusieurs photographies et un texte descriptif. Les photographies se veulent les plus fid\u00e8les possibles au produit vendu, mais ne sont pas contractuelles.<\/p><h4 class=\"wp-block-heading\"><strong>Article 3 : Disponibilit\u00e9 des produits<\/strong><\/h4><p>Les produits \u00e9tant fait-main, les d\u00e9lais de fabrication peuvent varier. En cas de commande d\u2019un produit devenu indisponible, le client sera inform\u00e9 dans les meilleurs d\u00e9lais par courrier \u00e9lectronique ou contact t\u00e9l\u00e9phonique. Il lui sera alors propos\u00e9 un nouveau d\u00e9lai pour la fourniture du produit, ou un produit \u00e9quivalent ou le remboursement de l\u2019article.<\/p><p>Il est possible de commander des cr\u00e9ations personnalis\u00e9es ou sur mesure. Pour plus d\u2019information, le client peut contacter l\u2019entreprise LaparadeDuBois  via le&nbsp;<a href=\"https:\/\/laparadedubois.fr\/index.php\/contact-2\/\">formulaire de contact<\/a>, par courrier \u00e9lectronique (<a href=\"mailto:contact@toutanboa.fr\">info@laparadedubois.fr<\/a>) ou par t\u00e9l\u00e9phone (06 74 08 54 66).<\/p><h4 class=\"wp-block-heading\"><strong>Article 4 : Prix des produits<\/strong><\/h4><p>Les prix de vente sont indiqu\u00e9s en euros. Ils sont nets (TVA non applicable, article 293B du C.G.I.), et s\u2019entendent hors frais de port. Ces derniers sont calcul\u00e9s lors de la validation du panier (<em>voir article 7 : Exp\u00e9dition et Livraison<\/em>).<\/p><p>L\u2019entreprise LaparadeDuBois se r\u00e9serve le droit de modifier ses prix \u00e0 tout moment. Les produits command\u00e9s sont factur\u00e9s au prix en vigueur lors de l\u2019enregistrement de la commande.<\/p><h4 class=\"wp-block-heading\"><strong>Article 5 : Commande<\/strong><\/h4><p>Apr\u00e8s avoir accept\u00e9 les pr\u00e9sentes conditions g\u00e9n\u00e9rales de vente, le client valide sa commande en cliquant sur le bouton \u00ab&nbsp;Commander&nbsp;\u00bb, en bas de la page \u00ab&nbsp;R\u00e9capitulatif de votre commande&nbsp;\u00bb.<\/p><p>Avant de valider, le client doit v\u00e9rifier chacun des \u00e9l\u00e9ments de sa commande. Toute commande confirm\u00e9e est consid\u00e9r\u00e9e comme d\u00e9finitive.<\/p><p>Une fois la commande confirm\u00e9e, l\u2019entreprise LaparadeDuBois envoie au client un courrier \u00e9lectronique r\u00e9capitulant les \u00e9l\u00e9ments de la commande.<\/p><h4 class=\"wp-block-heading\"><strong>Article 6 : Modalit\u00e9s de paiement<\/strong><\/h4><p>Les paiements s\u2019effectuent en ligne (par carte bancaire ou Paypal via le module de paiement s\u00e9curis\u00e9 Paypal), par virement bancaire ou ch\u00e8que.<\/p><p>La date de validation de la commande correspond \u00e0 la date de paiement en ligne (carte bancaire ou Paypal) ou la date de r\u00e9ception du virement ou du ch\u00e8que par l\u2019entreprise LaparadeDuBois.<\/p><p>Les paiements par carte bancaire sont soumis \u00e0 des contr\u00f4les de validation. L\u2019envoi de la commande peut donc \u00eatre retard\u00e9 en cas de probl\u00e8me.<\/p><p>Les produits demeurent la propri\u00e9t\u00e9 de l\u2019entreprise LaparadeDuBois jusqu\u2019au complet paiement de leur prix.<\/p><h4 class=\"wp-block-heading\"><strong>Article 7 : Exp\u00e9dition et Livraison<\/strong><\/h4><p>Les commandes sont g\u00e9n\u00e9ralement exp\u00e9di\u00e9es sous 2 \u00e0 4 jours ouvr\u00e9s apr\u00e8s validation de la commande. Toutefois, la fabrication \u00e9tant artisanale, certains produits sont susceptibles d\u2019\u00eatre envoy\u00e9s avec un d\u00e9lai suppl\u00e9mentaire. Pour conna\u00eetre le d\u00e9lai pr\u00e9cis avant exp\u00e9dition, le client peut contacter l\u2019entreprise LaparadeDuBois via le&nbsp;<a href=\"https:\/\/laparadedubois.fr\/index.php\/contact-2\/\">formulaire de contact<\/a>, par courrier \u00e9lectronique (<a href=\"mailto:contact@toutanboa.fr\">info@laparadedubois.fr<\/a>) ou par t\u00e9l\u00e9phone (06 74 08 54 66).<\/p><p>Une fois la commande exp\u00e9di\u00e9e, sa livraison est assur\u00e9e par le transporteur choisi par le client lors de sa commande. Le client re\u00e7oit un courrier \u00e9lectronique ou un sms indiquant le num\u00e9ro de suivi du colis. Les frais d\u2019exp\u00e9dition sont calcul\u00e9s en fonction du poids du colis, ils sont indiqu\u00e9s lors de la validation du panier. Le d\u00e9lai d\u2019acheminement varie en fonction du mode de transport et du transporteur s\u00e9lectionn\u00e9.<\/p><p>L\u2019entreprise LaparadeDuBois ne saurait \u00eatre tenue pour responsable des d\u00e9gradations, pertes ou retards de livraison imputables au transporteur.<\/p><p>De m\u00eame, en cas d\u2019erreur dans le libell\u00e9 de l\u2019adresse de livraison indiqu\u00e9e par le client, l\u2019entreprise LaparadeDuBois ne saurait \u00eatre tenue pour responsable des retards ou de la non-livraison des produits command\u00e9s. Dans ce cas, les frais engag\u00e9s pour la r\u00e9exp\u00e9dition des produits seront \u00e0 la charge du client.<\/p><p>Les exp\u00e9ditions sont limit\u00e9es \u00e0 la France M\u00e9tropolitaine et Monaco. Les exp\u00e9ditions internationales restent possibles mais font l\u2019objet d\u2019une validation pr\u00e9alable par l\u2019entreprise LaparadeDuBois. Toute commande pass\u00e9e sur le site laparadedubois.fr&nbsp;livr\u00e9e en dehors de la France pourra \u00eatre soumise \u00e0 des taxes \u00e9ventuelles et \u00e0 des droits de douane, qui seront \u00e0 la charge du client et rel\u00e8veront de sa responsabilit\u00e9.<\/p><h4 class=\"wp-block-heading\"><strong>Article 8 : D\u00e9lai de r\u00e9tractation<\/strong><\/h4><p>Le client dispose d\u2019un d\u00e9lai de 14 jours, \u00e0 compter de la r\u00e9ception des produits, pour exercer son droit de r\u00e9tractation. Pour fixer les modalit\u00e9s de retour, il doit contacter l\u2019entreprise LaparadeDuBois via le&nbsp;<a href=\"https:\/\/laparadedubois.fr\/index.php\/contact-2\/\">formulaire de contact<\/a>, par courrier \u00e9lectronique (<a href=\"mailto:contact@toutanboa.fr\">info@laparadedubois.fr<\/a>) ou par t\u00e9l\u00e9phone (06 74 08 54 66).<\/p><p>En cas d\u2019exercice du droit de r\u00e9tractation, l\u2019entreprise LaparadeDuBois rembourse le client de la totalit\u00e9 des sommes vers\u00e9es, dans les meilleurs d\u00e9lais et au plus tard dans les 14 jours suivant la date \u00e0 laquelle ce droit a \u00e9t\u00e9 exerc\u00e9. Toutefois, les frais de retour du\/des produit(s) restent \u00e0 la charge du client.<\/p><p>Les produits retourn\u00e9s doivent \u00eatre dans un \u00e9tat neuf pour permettre leur commercialisation ult\u00e9rieure. Tout produit ne respectant pas ces caract\u00e9ristiques ne sera ni \u00e9chang\u00e9 ni rembours\u00e9.<\/p><p>En cas de perte ou d\u00e9t\u00e9rioration du produit durant le retour, l\u2019entreprise LaparadeDuBois se verra dans l\u2019impossibilit\u00e9 de proc\u00e9der au remboursement de la commande et le client devra effectuer une r\u00e9clamation directement aupr\u00e8s de son transporteur.<\/p><p>Un article personnalis\u00e9 ou confectionn\u00e9 sur-mesure pour un client ne peut faire l\u2019objet d\u2019un droit de r\u00e9tractation (article L. 221-28 du Code de la consommation).<\/p><h4 class=\"wp-block-heading\"><strong>Article 9 : Service Apr\u00e8s-Vente<\/strong><\/h4><p>Tous les produits vendus sur le site laparadedubois.fr b\u00e9n\u00e9ficient de la garantie l\u00e9gale de conformit\u00e9 durant une p\u00e9riode de deux ans. En cas de produit d\u00e9fectueux ou non-conforme au descriptif du site laparadedubois.fr, le client peut contacter l\u2019entreprise LaparadeDuBois en pr\u00e9sentant sa facture d\u2019achat.<\/p><p>Si le vice apparent, le d\u00e9faut de conformit\u00e9 ou encore le vice cach\u00e9 de l\u2019article d\u00e9clar\u00e9 par le client est av\u00e9r\u00e9, apr\u00e8s expertise faite, l\u2019entreprise LaparadeDuBois s\u2019engage \u00e0 proc\u00e9der \u00e0 la r\u00e9paration, \u00e0 l\u2019\u00e9change ou au remboursement du produit dans les meilleurs d\u00e9lais.<\/p><p>Toutefois, l\u2019entreprise LaparadeDuBois ne saurait \u00eatre tenue responsable de la mauvaise utilisation et\/ou de l\u2019usage intensif des produits que pourrait en faire le client.<\/p><p>Pour toute r\u00e9clamation, le client peut contacter l\u2019entreprise LaparadeDuBois via le&nbsp;<a href=\"https:\/\/laparadedubois.fr\/index.php\/contact-2\/\">formulaire de contact<\/a>, par courrier \u00e9lectronique (<a href=\"mailto:contact@toutanboa.fr\">info@laparadedubois.fr<\/a>) ou par t\u00e9l\u00e9phone (06 74 08 54 66).<\/p>","protected":false},"excerpt":{"rendered":"<p>Conditions G\u00e9n\u00e9rales de Vente Les conditions g\u00e9n\u00e9rales de ventes d\u00e9crites ci-apr\u00e8s d\u00e9taillent les droits et obligations du vendeur (l\u2019entreprise LaparadeDuBois) et de l\u2019acheteur (le client) dans le cadre de la vente en ligne sur le site laparadedubois.fr. Les conditions applicables \u00e0 toute commande sont celles en vigueur au moment de la passation de la commande. &hellip;<\/p>\n<p class=\"read-more\"> <a class=\"\" href=\"https:\/\/laparadedubois.fr\/?page_id=296\"> <span class=\"screen-reader-text\">CGV<\/span> Lire la suite \u00bb<\/a><\/p>\n","protected":false},"author":1,"featured_media":0,"parent":0,"menu_order":0,"comment_status":"closed","ping_status":"closed","template":"","meta":{"footnotes":""},"class_list":["post-296","page","type-page","status-publish","hentry"],"_links":{"self":[{"href":"https:\/\/laparadedubois.fr\/index.php?rest_route=\/wp\/v2\/pages\/296","targetHints":{"allow":["GET"]}}],"collection":[{"href":"https:\/\/laparadedubois.fr\/index.php?rest_route=\/wp\/v2\/pages"}],"about":[{"href":"https:\/\/laparadedubois.fr\/index.php?rest_route=\/wp\/v2\/types\/page"}],"author":[{"embeddable":true,"href":"https:\/\/laparadedubois.fr\/index.php?rest_route=\/wp\/v2\/users\/1"}],"replies":[{"embeddable":true,"href":"https:\/\/laparadedubois.fr\/index.php?rest_route=%2Fwp%2Fv2%2Fcomments&post=296"}],"version-history":[{"count":3,"href":"https:\/\/laparadedubois.fr\/index.php?rest_route=\/wp\/v2\/pages\/296\/revisions"}],"predecessor-version":[{"id":299,"href":"https:\/\/laparadedubois.fr\/index.php?rest_route=\/wp\/v2\/pages\/296\/revisions\/299"}],"wp:attachment":[{"href":"https:\/\/laparadedubois.fr\/index.php?rest_route=%2Fwp%2Fv2%2Fmedia&parent=296"}],"curies":[{"name":"wp","href":"https:\/\/api.w.org\/{rel}","templated":true}]}}