{"id":342,"date":"2021-01-22T15:53:02","date_gmt":"2021-01-22T14:53:02","guid":{"rendered":"https:\/\/laparadedubois.fr\/?page_id=342"},"modified":"2021-01-22T15:53:03","modified_gmt":"2021-01-22T14:53:03","slug":"livraison-retour","status":"publish","type":"page","link":"https:\/\/laparadedubois.fr\/?page_id=342","title":{"rendered":"Livraison &#038; Retour"},"content":{"rendered":"<h3 class=\"wp-block-heading\">Livraison<\/h3><p>LaparadeDuBois exp\u00e9die ses cr\u00e9ations en bois dans toute la France, dans un emballage \u00e9co-responsable.<\/p><p>Nous sommes une petite entreprise \u00e0 taille humaine. D\u00e8s que nous recevons votre commande, tous s\u2019activent dans l\u2019atelier pour que vous receviez votre colis. Sachez que cela peut aller jusqu\u2019\u00e0 trois semaines au cas o\u00f9 l\u2019huile prend son temps pour s\u00e9cher, ou que vous avez demand\u00e9 une cr\u00e9ation sur mesure. Vous \u00eates de toute fa\u00e7on inform\u00e9 par un mail d\u00e8s qu\u2019il quitte notre atelier.<\/p><p>Les d\u00e9lais de livraison peuvent \u00eatre rallong\u00e9s durant la p\u00e9riode de nos cong\u00e9s annuels.<\/p><p>Il est \u00e9galement possible\u00a0<strong>SUR RENDEZ-VOUS<\/strong>\u00a0de venir chercher sa commande directement \u00e0 l\u2019atelier au 2 l&rsquo;Hotel neuf  22800  Saint-donan, merci de prendre contact par courriel \u00e0 : info@laparadedubois.fr en indiquant vos disponibilit\u00e9s et un num\u00e9ro de t\u00e9l\u00e9phone pour vous recontacter afin de fixer un rendez-vous.<\/p><p>Si vous souhaitez \u00eatre livr\u00e9 \u00e0 l\u2019\u00e9tranger, nous contacter par courriel.<\/p><h3 class=\"wp-block-heading\">Retour<\/h3><p>Si malheureusement le produit ne correspond pas \u00e0 vos attentes, vous disposez d\u2019un d\u00e9lai de 14 jours \u00e0 compter de la date de r\u00e9ception pour nous le renvoyer. Ceci n&rsquo;est pas valable pour les produits sur mesure ( gravure),.Voici quelques \u00e9tapes \u00e0 suivre pour retourner votre produit :<\/p><p>1. Envoyer un courrier \u00e9lectronique pour nous annoncer votre retour \u00e0 l\u2019adresse suivante :\u00a0info@laparadedubois.fr<\/p><p>2. Renvoyer votre colis \u00e0 LaparadeDuBois, SERVICE RETOUR, 2 l&rsquo;hotel neuf, 22800  Saint-Donan.<\/p><p>3. Nous vous remboursons le(s) produit(s) de votre colis. Les frais de ports restent \u00e0 votre charge.<\/p><p>4. Si vous souhaitez recommander un article, rendez-vous sur notre laparadedubois.fr pour passer une nouvelle commande et n\u2019h\u00e9sitez pas \u00e0 nous demander conseil.<\/p><p>Nous nous engageons \u00e0 rembourser sous 30 jours l\u2019article renvoy\u00e9, hors frais de port. L\u2019article doit \u00eatre dans son emballage d\u2019origine, en parfait \u00e9tat, jamais utilis\u00e9, non lav\u00e9 et avec les \u00e9chantillons.&nbsp;<strong>Toute commande pr\u00e9sentant une alt\u00e9ration du produit ne sera pas rembours\u00e9e<\/strong><strong>.&nbsp;<\/strong>Nous invitons \u00e0 consulter<strong><a href=\"https:\/\/www.maison-lacker.fr\/cgv-objet-bois-jura\/\">&nbsp;nos conditions g\u00e9n\u00e9rales de ventes<\/a><\/strong>&nbsp;pour plus d\u2019information.<a href=\"https:\/\/www.maison-lacker.fr\/cgv-objet-bois-jura\/\"><\/a><\/p><p><\/p>","protected":false},"excerpt":{"rendered":"<p>Livraison LaparadeDuBois exp\u00e9die ses cr\u00e9ations en bois dans toute la France, dans un emballage \u00e9co-responsable. Nous sommes une petite entreprise \u00e0 taille humaine. D\u00e8s que nous recevons votre commande, tous s\u2019activent dans l\u2019atelier pour que vous receviez votre colis. Sachez que cela peut aller jusqu\u2019\u00e0 trois semaines au cas o\u00f9 l\u2019huile prend son temps pour &hellip;<\/p>\n<p class=\"read-more\"> <a class=\"\" href=\"https:\/\/laparadedubois.fr\/?page_id=342\"> <span class=\"screen-reader-text\">Livraison &#038; Retour<\/span> Lire la suite \u00bb<\/a><\/p>\n","protected":false},"author":1,"featured_media":0,"parent":0,"menu_order":0,"comment_status":"closed","ping_status":"closed","template":"","meta":{"footnotes":""},"class_list":["post-342","page","type-page","status-publish","hentry"],"_links":{"self":[{"href":"https:\/\/laparadedubois.fr\/index.php?rest_route=\/wp\/v2\/pages\/342","targetHints":{"allow":["GET"]}}],"collection":[{"href":"https:\/\/laparadedubois.fr\/index.php?rest_route=\/wp\/v2\/pages"}],"about":[{"href":"https:\/\/laparadedubois.fr\/index.php?rest_route=\/wp\/v2\/types\/page"}],"author":[{"embeddable":true,"href":"https:\/\/laparadedubois.fr\/index.php?rest_route=\/wp\/v2\/users\/1"}],"replies":[{"embeddable":true,"href":"https:\/\/laparadedubois.fr\/index.php?rest_route=%2Fwp%2Fv2%2Fcomments&post=342"}],"version-history":[{"count":1,"href":"https:\/\/laparadedubois.fr\/index.php?rest_route=\/wp\/v2\/pages\/342\/revisions"}],"predecessor-version":[{"id":343,"href":"https:\/\/laparadedubois.fr\/index.php?rest_route=\/wp\/v2\/pages\/342\/revisions\/343"}],"wp:attachment":[{"href":"https:\/\/laparadedubois.fr\/index.php?rest_route=%2Fwp%2Fv2%2Fmedia&parent=342"}],"curies":[{"name":"wp","href":"https:\/\/api.w.org\/{rel}","templated":true}]}}