{"id":344,"date":"2021-01-22T16:00:12","date_gmt":"2021-01-22T15:00:12","guid":{"rendered":"https:\/\/laparadedubois.fr\/?page_id=344"},"modified":"2021-01-22T16:00:12","modified_gmt":"2021-01-22T15:00:12","slug":"paiement-par-carte-bancaire-100-securise","status":"publish","type":"page","link":"https:\/\/laparadedubois.fr\/?page_id=344","title":{"rendered":"Paiement par carte bancaire 100% s\u00e9curis\u00e9"},"content":{"rendered":"<p>Paiement par carte bancaire 100% s\u00e9curis\u00e9<\/p><p>Les paiements sont enti\u00e8rement s\u00e9curis\u00e9s.<\/p><p>LaparadeDuBois fait appel a Stripe paiement en ligne et sa solution E-transactions pour s\u00e9curiser ces paiements.<\/p><p>LaparadeDuBois traite les donn\u00e9es de paiement ainsi que toutes vos donn\u00e9es personnelles avec la plus grande attention.<\/p><p>Plus d\u2019information est disponible sur ce point dans nos&nbsp;<strong><a href=\"https:\/\/www.maison-lacker.fr\/cgv-objet-bois-jura\/\">Conditions G\u00e9n\u00e9rales de Vente<\/a><\/strong>&nbsp;et dans notre&nbsp;<a href=\"https:\/\/www.maison-lacker.fr\/politique-de-confidentialite-creation-bois-jura\/\"><strong>Politique de Donn\u00e9es Personnelles<\/strong><\/a>.<\/p><p>Cr\u00e9er des<strong><a href=\"https:\/\/www.maison-lacker.fr\/objet-bois-fait-main\/\">\u00a0objets en bois unique et beau<\/a><\/strong>\u00a0est une volont\u00e9 constante en s\u00e9curisant vos paiements. LaparadeDuBois entend vous faciliter l\u2019acc\u00e8s et vous permet de faire des\u00a0<strong><a href=\"https:\/\/www.maison-lacker.fr\/cadeau-en-bois-jura\/\">cadeaux beaux et utiles en bois<\/a><\/strong>\u00a0dans une logique \u00e9coresponsable et \u00e9thique.<\/p><p>Votre connexion est s\u00e9curis\u00e9e comme le montre le cadenas que vous devez apercevoir en vous connectant \u00e0 l\u2019aide d\u2019un certificat d\u00e9livr\u00e9 par la soci\u00e9t\u00e9 Let\u2019s Encrypt.<\/p>","protected":false},"excerpt":{"rendered":"<p>Paiement par carte bancaire 100% s\u00e9curis\u00e9 Les paiements sont enti\u00e8rement s\u00e9curis\u00e9s. LaparadeDuBois fait appel a Stripe paiement en ligne et sa solution E-transactions pour s\u00e9curiser ces paiements. LaparadeDuBois traite les donn\u00e9es de paiement ainsi que toutes vos donn\u00e9es personnelles avec la plus grande attention. Plus d\u2019information est disponible sur ce point dans nos&nbsp;Conditions G\u00e9n\u00e9rales de &hellip;<\/p>\n<p class=\"read-more\"> <a class=\"\" href=\"https:\/\/laparadedubois.fr\/?page_id=344\"> <span class=\"screen-reader-text\">Paiement par carte bancaire 100% s\u00e9curis\u00e9<\/span> Lire la suite \u00bb<\/a><\/p>\n","protected":false},"author":1,"featured_media":0,"parent":0,"menu_order":0,"comment_status":"closed","ping_status":"closed","template":"","meta":{"footnotes":""},"class_list":["post-344","page","type-page","status-publish","hentry"],"_links":{"self":[{"href":"https:\/\/laparadedubois.fr\/index.php?rest_route=\/wp\/v2\/pages\/344","targetHints":{"allow":["GET"]}}],"collection":[{"href":"https:\/\/laparadedubois.fr\/index.php?rest_route=\/wp\/v2\/pages"}],"about":[{"href":"https:\/\/laparadedubois.fr\/index.php?rest_route=\/wp\/v2\/types\/page"}],"author":[{"embeddable":true,"href":"https:\/\/laparadedubois.fr\/index.php?rest_route=\/wp\/v2\/users\/1"}],"replies":[{"embeddable":true,"href":"https:\/\/laparadedubois.fr\/index.php?rest_route=%2Fwp%2Fv2%2Fcomments&post=344"}],"version-history":[{"count":1,"href":"https:\/\/laparadedubois.fr\/index.php?rest_route=\/wp\/v2\/pages\/344\/revisions"}],"predecessor-version":[{"id":345,"href":"https:\/\/laparadedubois.fr\/index.php?rest_route=\/wp\/v2\/pages\/344\/revisions\/345"}],"wp:attachment":[{"href":"https:\/\/laparadedubois.fr\/index.php?rest_route=%2Fwp%2Fv2%2Fmedia&parent=344"}],"curies":[{"name":"wp","href":"https:\/\/api.w.org\/{rel}","templated":true}]}}