{"id":8,"date":"2020-11-26T13:32:30","date_gmt":"2020-11-26T12:32:30","guid":{"rendered":"http:\/\/laparadedubois.fr\/?page_id=8"},"modified":"2021-01-25T20:09:13","modified_gmt":"2021-01-25T19:09:13","slug":"a-propos-de","status":"publish","type":"page","link":"https:\/\/laparadedubois.fr\/?page_id=8","title":{"rendered":"\u00c0 propos de"},"content":{"rendered":"\t\t<div data-elementor-type=\"wp-page\" data-elementor-id=\"8\" class=\"elementor elementor-8\">\n\t\t\t\t\t\t<section class=\"elementor-section elementor-top-section elementor-element elementor-element-b23daf6 elementor-section-boxed elementor-section-height-default elementor-section-height-default\" data-id=\"b23daf6\" data-element_type=\"section\">\n\t\t\t\t\t\t<div class=\"elementor-container elementor-column-gap-default\">\n\t\t\t\t\t<div class=\"elementor-column elementor-col-50 elementor-top-column elementor-element elementor-element-be4957f\" data-id=\"be4957f\" data-element_type=\"column\">\n\t\t\t<div class=\"elementor-widget-wrap elementor-element-populated\">\n\t\t\t\t\t\t<div class=\"elementor-element elementor-element-848383d elementor-widget elementor-widget-image\" data-id=\"848383d\" data-element_type=\"widget\" data-widget_type=\"image.default\">\n\t\t\t\t<div class=\"elementor-widget-container\">\n\t\t\t\t\t\t\t\t\t\t\t\t\t\t\t<img fetchpriority=\"high\" decoding=\"async\" width=\"750\" height=\"1000\" src=\"https:\/\/laparadedubois.fr\/wp-content\/uploads\/2021\/01\/tournage-bois-laparadedubois.jpg\" class=\"attachment-large size-large wp-image-404\" alt=\"tournage bois lampe\" srcset=\"https:\/\/laparadedubois.fr\/wp-content\/uploads\/2021\/01\/tournage-bois-laparadedubois.jpg 750w, https:\/\/laparadedubois.fr\/wp-content\/uploads\/2021\/01\/tournage-bois-laparadedubois-600x800.jpg 600w, https:\/\/laparadedubois.fr\/wp-content\/uploads\/2021\/01\/tournage-bois-laparadedubois-225x300.jpg 225w\" sizes=\"(max-width: 750px) 100vw, 750px\" \/>\t\t\t\t\t\t\t\t\t\t\t\t\t\t\t<\/div>\n\t\t\t\t<\/div>\n\t\t\t\t\t<\/div>\n\t\t<\/div>\n\t\t\t\t<div class=\"elementor-column elementor-col-50 elementor-top-column elementor-element elementor-element-d0e397b\" data-id=\"d0e397b\" data-element_type=\"column\">\n\t\t\t<div class=\"elementor-widget-wrap elementor-element-populated\">\n\t\t\t\t\t\t<div class=\"elementor-element elementor-element-d269339 elementor-widget elementor-widget-text-editor\" data-id=\"d269339\" data-element_type=\"widget\" data-widget_type=\"text-editor.default\">\n\t\t\t\t<div class=\"elementor-widget-container\">\n\t\t\t\t\t\t\t\t\t<p style=\"text-align: center;\"><strong>Un Savoir-Faire<\/strong><\/p><p style=\"text-align: center;\">C\u2019est dans les C\u00f4tes d\u2019Armor en Bretagne que j\u2019imagine, dessine et fabrique mes objets en bois.<\/p><p style=\"text-align: center;\">Ah la Bretagne !!! une de mes plus grandes sources d\u2019inspiration. Vous la \u00a0retrouverez dans plusieurs cr\u00e9ations comme les Breizh planches, les organisateurs d\u2019entr\u00e9e, les d\u00e9capsuleurs, etc&#8230;<\/p><p style=\"text-align: center;\">D\u00e9j\u00e0 tout petit, je voulais devenir menuisier mais \u00e0 l\u2019\u00e9poque l\u2019apprentissage \u00e9tait mal vu, il fallait faire des \u00e9tudes. Celles-ci m\u2019ont amen\u00e9 dans le domaine des t\u00e9l\u00e9communications, un monde int\u00e9ressant mais l\u2019appel du bois \u00e9tait bien l\u00e0, et c\u2019est donc depuis quelques ann\u00e9es que je me suis lanc\u00e9 dans cette jolie aventure de LaparadeDubois.<\/p>\t\t\t\t\t\t\t\t<\/div>\n\t\t\t\t<\/div>\n\t\t\t\t\t<\/div>\n\t\t<\/div>\n\t\t\t\t\t<\/div>\n\t\t<\/section>\n\t\t\t\t<section class=\"elementor-section elementor-top-section elementor-element elementor-element-7fca76b elementor-section-boxed elementor-section-height-default elementor-section-height-default\" data-id=\"7fca76b\" data-element_type=\"section\">\n\t\t\t\t\t\t<div class=\"elementor-container elementor-column-gap-default\">\n\t\t\t\t\t<div class=\"elementor-column elementor-col-50 elementor-top-column elementor-element elementor-element-39e7bc9\" data-id=\"39e7bc9\" data-element_type=\"column\">\n\t\t\t<div class=\"elementor-widget-wrap elementor-element-populated\">\n\t\t\t\t\t\t<div class=\"elementor-element elementor-element-3a33ecd elementor-widget elementor-widget-text-editor\" data-id=\"3a33ecd\" data-element_type=\"widget\" data-widget_type=\"text-editor.default\">\n\t\t\t\t<div class=\"elementor-widget-container\">\n\t\t\t\t\t\t\t\t\t<p style=\"text-align: center;\"><strong>Des pi<\/strong>\u00e8<strong>ces uniques<\/strong><\/p><p style=\"text-align: center;\">Je con\u00e7ois des objets en bois pour une utilisation au quotidien avec une approche esth\u00e9tique et fonctionnelle. J\u2019essaye d\u2019utiliser au maximum du bois de r\u00e9cup\u00e9ration. Je travaille les \u00a0d\u00e9fauts du bois pour donner un objet unique et de <strong>caract\u00e8re<\/strong>.<\/p><p style=\"text-align: center;\">Les objets en bois massif sont nobles et chaleureux. On aime les toucher, les sentir et bien s\u00fbr les regarder.<\/p><p style=\"text-align: center;\">Un objet en bois\u00a0 <strong>vit<\/strong>, se <strong>transmet<\/strong>,\u00a0 et se patine avec le temps.<\/p>\t\t\t\t\t\t\t\t<\/div>\n\t\t\t\t<\/div>\n\t\t\t\t\t<\/div>\n\t\t<\/div>\n\t\t\t\t<div class=\"elementor-column elementor-col-50 elementor-top-column elementor-element elementor-element-d873973\" data-id=\"d873973\" data-element_type=\"column\">\n\t\t\t<div class=\"elementor-widget-wrap elementor-element-populated\">\n\t\t\t\t\t\t<div class=\"elementor-element elementor-element-5a624d7 elementor-widget elementor-widget-image\" data-id=\"5a624d7\" data-element_type=\"widget\" data-widget_type=\"image.default\">\n\t\t\t\t<div class=\"elementor-widget-container\">\n\t\t\t\t\t\t\t\t\t\t\t\t\t\t\t<img decoding=\"async\" width=\"750\" height=\"1000\" src=\"https:\/\/laparadedubois.fr\/wp-content\/uploads\/2021\/01\/tournage-bois-fait-main-laparadedubois.jpg\" class=\"attachment-large size-large wp-image-402\" alt=\"\" srcset=\"https:\/\/laparadedubois.fr\/wp-content\/uploads\/2021\/01\/tournage-bois-fait-main-laparadedubois.jpg 750w, https:\/\/laparadedubois.fr\/wp-content\/uploads\/2021\/01\/tournage-bois-fait-main-laparadedubois-600x800.jpg 600w, https:\/\/laparadedubois.fr\/wp-content\/uploads\/2021\/01\/tournage-bois-fait-main-laparadedubois-225x300.jpg 225w\" sizes=\"(max-width: 750px) 100vw, 750px\" \/>\t\t\t\t\t\t\t\t\t\t\t\t\t\t\t<\/div>\n\t\t\t\t<\/div>\n\t\t\t\t\t<\/div>\n\t\t<\/div>\n\t\t\t\t\t<\/div>\n\t\t<\/section>\n\t\t\t\t<section class=\"elementor-section elementor-top-section elementor-element elementor-element-d6eaaaa elementor-section-boxed elementor-section-height-default elementor-section-height-default\" data-id=\"d6eaaaa\" data-element_type=\"section\">\n\t\t\t\t\t\t<div class=\"elementor-container elementor-column-gap-default\">\n\t\t\t\t\t<div class=\"elementor-column elementor-col-50 elementor-top-column elementor-element elementor-element-bacc74a\" data-id=\"bacc74a\" data-element_type=\"column\">\n\t\t\t<div class=\"elementor-widget-wrap elementor-element-populated\">\n\t\t\t\t\t\t<div class=\"elementor-element elementor-element-2e86afa elementor-widget elementor-widget-image\" data-id=\"2e86afa\" data-element_type=\"widget\" data-widget_type=\"image.default\">\n\t\t\t\t<div class=\"elementor-widget-container\">\n\t\t\t\t\t\t\t\t\t\t\t\t\t\t\t<img decoding=\"async\" width=\"980\" height=\"600\" src=\"https:\/\/laparadedubois.fr\/wp-content\/uploads\/2021\/01\/planche-bois-apero-breizh-entre-amis-avec-saucisson-et-cornichon.jpg\" class=\"attachment-large size-large wp-image-259\" alt=\"breizh planche planche a decouper\" srcset=\"https:\/\/laparadedubois.fr\/wp-content\/uploads\/2021\/01\/planche-bois-apero-breizh-entre-amis-avec-saucisson-et-cornichon.jpg 980w, https:\/\/laparadedubois.fr\/wp-content\/uploads\/2021\/01\/planche-bois-apero-breizh-entre-amis-avec-saucisson-et-cornichon-600x367.jpg 600w, https:\/\/laparadedubois.fr\/wp-content\/uploads\/2021\/01\/planche-bois-apero-breizh-entre-amis-avec-saucisson-et-cornichon-300x184.jpg 300w, https:\/\/laparadedubois.fr\/wp-content\/uploads\/2021\/01\/planche-bois-apero-breizh-entre-amis-avec-saucisson-et-cornichon-768x470.jpg 768w\" sizes=\"(max-width: 980px) 100vw, 980px\" \/>\t\t\t\t\t\t\t\t\t\t\t\t\t\t\t<\/div>\n\t\t\t\t<\/div>\n\t\t\t\t\t<\/div>\n\t\t<\/div>\n\t\t\t\t<div class=\"elementor-column elementor-col-50 elementor-top-column elementor-element elementor-element-45f5bc5\" data-id=\"45f5bc5\" data-element_type=\"column\">\n\t\t\t<div class=\"elementor-widget-wrap elementor-element-populated\">\n\t\t\t\t\t\t<div class=\"elementor-element elementor-element-0a1438f elementor-widget elementor-widget-text-editor\" data-id=\"0a1438f\" data-element_type=\"widget\" data-widget_type=\"text-editor.default\">\n\t\t\t\t<div class=\"elementor-widget-container\">\n\t\t\t\t\t\t\t\t\t<p style=\"text-align: center;\"><strong>Un partage<\/strong><\/p><p style=\"text-align: center;\">Avec des objets en bois uniques et originales, partagez des moments en famille, avec des amis.<\/p><p style=\"text-align: center;\">Toutes mes cr\u00e9ations sont faites en tr\u00e8s petites s\u00e9ries ou sont uniques.<\/p><p style=\"text-align: center;\">N\u2019h\u00e9sitez pas \u00e0 utiliser le formulaire de contact pour tout renseignement ou envoyer un email \u00e0 info@laparadedubois.fr<\/p>\t\t\t\t\t\t\t\t<\/div>\n\t\t\t\t<\/div>\n\t\t\t\t\t<\/div>\n\t\t<\/div>\n\t\t\t\t\t<\/div>\n\t\t<\/section>\n\t\t\t\t<\/div>\n\t\t","protected":false},"excerpt":{"rendered":"<p>Un Savoir-Faire C\u2019est dans les C\u00f4tes d\u2019Armor en Bretagne que j\u2019imagine, dessine et fabrique mes objets en bois. Ah la Bretagne !!! une de mes plus grandes sources d\u2019inspiration. Vous la \u00a0retrouverez dans plusieurs cr\u00e9ations comme les Breizh planches, les organisateurs d\u2019entr\u00e9e, les d\u00e9capsuleurs, etc&#8230; D\u00e9j\u00e0 tout petit, je voulais devenir menuisier mais \u00e0 l\u2019\u00e9poque &hellip;<\/p>\n<p class=\"read-more\"> <a class=\"\" href=\"https:\/\/laparadedubois.fr\/?page_id=8\"> <span class=\"screen-reader-text\">\u00c0 propos de<\/span> Lire la suite \u00bb<\/a><\/p>\n","protected":false},"author":1,"featured_media":0,"parent":0,"menu_order":0,"comment_status":"closed","ping_status":"closed","template":"","meta":{"footnotes":""},"class_list":["post-8","page","type-page","status-publish","hentry"],"_links":{"self":[{"href":"https:\/\/laparadedubois.fr\/index.php?rest_route=\/wp\/v2\/pages\/8","targetHints":{"allow":["GET"]}}],"collection":[{"href":"https:\/\/laparadedubois.fr\/index.php?rest_route=\/wp\/v2\/pages"}],"about":[{"href":"https:\/\/laparadedubois.fr\/index.php?rest_route=\/wp\/v2\/types\/page"}],"author":[{"embeddable":true,"href":"https:\/\/laparadedubois.fr\/index.php?rest_route=\/wp\/v2\/users\/1"}],"replies":[{"embeddable":true,"href":"https:\/\/laparadedubois.fr\/index.php?rest_route=%2Fwp%2Fv2%2Fcomments&post=8"}],"version-history":[{"count":28,"href":"https:\/\/laparadedubois.fr\/index.php?rest_route=\/wp\/v2\/pages\/8\/revisions"}],"predecessor-version":[{"id":422,"href":"https:\/\/laparadedubois.fr\/index.php?rest_route=\/wp\/v2\/pages\/8\/revisions\/422"}],"wp:attachment":[{"href":"https:\/\/laparadedubois.fr\/index.php?rest_route=%2Fwp%2Fv2%2Fmedia&parent=8"}],"curies":[{"name":"wp","href":"https:\/\/api.w.org\/{rel}","templated":true}]}}