{"id":213,"date":"2021-01-07T22:16:55","date_gmt":"2021-01-07T21:16:55","guid":{"rendered":"https:\/\/laparadedubois.fr\/?post_type=product&#038;p=213"},"modified":"2021-12-17T17:33:32","modified_gmt":"2021-12-17T16:33:32","slug":"breizh-planche","status":"publish","type":"product","link":"https:\/\/laparadedubois.fr\/?product=breizh-planche","title":{"rendered":"Breizh planche personnalisable"},"content":{"rendered":"<p>La Breizh planche : une planche \u00e0 d\u00e9couper et de pr\u00e9sentation en forme de Bretagne<\/p>\n<ul>\n<li>En hetre de forte vpaisseur pour une grande durabilit\u00e9.<\/li>\n<li>personnalisable avec votre texte (gravure laser)<\/li>\n<li>gravure drapeau breton<\/li>\n<li>Finition Huil\u00e9e<\/li>\n<li>Le veinage du bois sera different sur chaque planche et donc par rapport a celle de pr\u00e9sentation<\/li>\n<li>Delais de fabrication : 3 \u00e0 4 jours<\/li>\n<li>longueur 39cm, largeur 27cm, epaisseur 1.8cm<\/li>\n<li>ideal pour un ap\u00e9ro original<\/li>\n<li>Fait main en Bretagne<\/li>\n<\/ul>\n","protected":false},"excerpt":{"rendered":"<p>Planche \u00e0 decouper,planche ap\u00e9ro\u00a0 en forme de bretagne.<br \/>\nPersonnaliser la planche avec votre texte ( gravure laser)<\/p>\n","protected":false},"featured_media":317,"comment_status":"open","ping_status":"closed","template":"","meta":[],"product_brand":[],"product_cat":[22],"product_tag":[26,30,36,24,25],"class_list":{"0":"post-213","1":"product","2":"type-product","3":"status-publish","4":"has-post-thumbnail","6":"product_cat-planche","7":"product_tag-apero","8":"product_tag-bois","9":"product_tag-breizh-planche","10":"product_tag-bretagne","11":"product_tag-planche","12":"product_shipping_class-mondial-relay","13":"align-left","14":"box-shadow-0","15":"box-shadow-0-hover","16":"ast-product-gallery-layout-horizontal","17":"ast-product-tabs-layout-horizontal","18":"ast-qv-on-image","20":"first","21":"instock","22":"featured","23":"shipping-taxable","24":"purchasable","25":"product-type-simple"},"_links":{"self":[{"href":"https:\/\/laparadedubois.fr\/index.php?rest_route=\/wp\/v2\/product\/213","targetHints":{"allow":["GET"]}}],"collection":[{"href":"https:\/\/laparadedubois.fr\/index.php?rest_route=\/wp\/v2\/product"}],"about":[{"href":"https:\/\/laparadedubois.fr\/index.php?rest_route=\/wp\/v2\/types\/product"}],"replies":[{"embeddable":true,"href":"https:\/\/laparadedubois.fr\/index.php?rest_route=%2Fwp%2Fv2%2Fcomments&post=213"}],"wp:featuredmedia":[{"embeddable":true,"href":"https:\/\/laparadedubois.fr\/index.php?rest_route=\/wp\/v2\/media\/317"}],"wp:attachment":[{"href":"https:\/\/laparadedubois.fr\/index.php?rest_route=%2Fwp%2Fv2%2Fmedia&parent=213"}],"wp:term":[{"taxonomy":"product_brand","embeddable":true,"href":"https:\/\/laparadedubois.fr\/index.php?rest_route=%2Fwp%2Fv2%2Fproduct_brand&post=213"},{"taxonomy":"product_cat","embeddable":true,"href":"https:\/\/laparadedubois.fr\/index.php?rest_route=%2Fwp%2Fv2%2Fproduct_cat&post=213"},{"taxonomy":"product_tag","embeddable":true,"href":"https:\/\/laparadedubois.fr\/index.php?rest_route=%2Fwp%2Fv2%2Fproduct_tag&post=213"}],"curies":[{"name":"wp","href":"https:\/\/api.w.org\/{rel}","templated":true}]}}