{"id":271,"date":"2021-01-20T16:25:28","date_gmt":"2021-01-20T15:25:28","guid":{"rendered":"https:\/\/laparadedubois.fr\/?post_type=product&#038;p=271"},"modified":"2025-09-26T09:35:21","modified_gmt":"2025-09-26T07:35:21","slug":"breizh-planche-apero-breton","status":"publish","type":"product","link":"https:\/\/laparadedubois.fr\/?product=breizh-planche-apero-breton","title":{"rendered":"Breizh planche \u00ab\u00a0Ap\u00e9ro Breton\u00a0\u00bb"},"content":{"rendered":"<p>La Breizh planche : une planche \u00e0 d\u00e9couper et de pr\u00e9sentation en forme de Bretagne<\/p>\n<ul>\n<li>En hetre de forte \u00e9paisseur pour une grande durabilit\u00e9.<\/li>\n<li>gravure laser \u00ab\u00a0Ap\u00e9ro Breton\u00a0\u00bb<\/li>\n<li>gravure drapeau breton<\/li>\n<li>Finition Huil\u00e9e<\/li>\n<li>Delais de fabrication : 3 \u00e0 4 jours<\/li>\n<li>longueur 39cm, largeur 27cm, epaisseur 1.8cm<\/li>\n<li>ideal pour un ap\u00e9ro original<\/li>\n<li>Fait main en Bretagne<\/li>\n<\/ul>\n","protected":false},"excerpt":{"rendered":"<p>La Breizh planche : une planche \u00e0 d\u00e9couper et de pr\u00e9sentation en forme de Bretagne En hetre de forte \u00e9paisseur pour une grande durabilit\u00e9. gravure laser \u00ab\u00a0Ap\u00e9ro Breton\u00a0\u00bb gravure drapeau breton Finition Huil\u00e9e Delais de fabrication : 3 \u00e0 4 jours longueur 39cm, largeur 27cm, epaisseur 1.8cm ideal pour un ap\u00e9ro original Fait main en &hellip;<\/p>\n<p class=\"read-more\"> <a class=\"\" href=\"https:\/\/laparadedubois.fr\/?product=breizh-planche-apero-breton\"> <span class=\"screen-reader-text\">Breizh planche \u00ab\u00a0Ap\u00e9ro Breton\u00a0\u00bb<\/span> Lire la suite \u00bb<\/a><\/p>\n","protected":false},"featured_media":306,"comment_status":"open","ping_status":"closed","template":"","meta":[],"product_brand":[],"product_cat":[22],"product_tag":[26,30,36,24,27,25],"class_list":{"0":"post-271","1":"product","2":"type-product","3":"status-publish","4":"has-post-thumbnail","6":"product_cat-planche","7":"product_tag-apero","8":"product_tag-bois","9":"product_tag-breizh-planche","10":"product_tag-bretagne","11":"product_tag-decouper","12":"product_tag-planche","13":"product_shipping_class-mondial-relay","14":"align-left","15":"box-shadow-0","16":"box-shadow-0-hover","17":"ast-product-gallery-layout-horizontal","18":"ast-product-tabs-layout-horizontal","19":"ast-qv-on-image","21":"first","22":"instock","23":"shipping-taxable","24":"purchasable","25":"product-type-simple"},"_links":{"self":[{"href":"https:\/\/laparadedubois.fr\/index.php?rest_route=\/wp\/v2\/product\/271","targetHints":{"allow":["GET"]}}],"collection":[{"href":"https:\/\/laparadedubois.fr\/index.php?rest_route=\/wp\/v2\/product"}],"about":[{"href":"https:\/\/laparadedubois.fr\/index.php?rest_route=\/wp\/v2\/types\/product"}],"replies":[{"embeddable":true,"href":"https:\/\/laparadedubois.fr\/index.php?rest_route=%2Fwp%2Fv2%2Fcomments&post=271"}],"wp:featuredmedia":[{"embeddable":true,"href":"https:\/\/laparadedubois.fr\/index.php?rest_route=\/wp\/v2\/media\/306"}],"wp:attachment":[{"href":"https:\/\/laparadedubois.fr\/index.php?rest_route=%2Fwp%2Fv2%2Fmedia&parent=271"}],"wp:term":[{"taxonomy":"product_brand","embeddable":true,"href":"https:\/\/laparadedubois.fr\/index.php?rest_route=%2Fwp%2Fv2%2Fproduct_brand&post=271"},{"taxonomy":"product_cat","embeddable":true,"href":"https:\/\/laparadedubois.fr\/index.php?rest_route=%2Fwp%2Fv2%2Fproduct_cat&post=271"},{"taxonomy":"product_tag","embeddable":true,"href":"https:\/\/laparadedubois.fr\/index.php?rest_route=%2Fwp%2Fv2%2Fproduct_tag&post=271"}],"curies":[{"name":"wp","href":"https:\/\/api.w.org\/{rel}","templated":true}]}}