{"id":276,"date":"2021-01-20T17:06:40","date_gmt":"2021-01-20T16:06:40","guid":{"rendered":"https:\/\/laparadedubois.fr\/?post_type=product&#038;p=276"},"modified":"2021-11-05T11:06:03","modified_gmt":"2021-11-05T10:06:03","slug":"breizh-planche-sur-mesure","status":"publish","type":"product","link":"https:\/\/laparadedubois.fr\/?product=breizh-planche-sur-mesure","title":{"rendered":"Breizh planche taille xl"},"content":{"rendered":"<p>La Breizh planche : une planche \u00e0 d\u00e9couper et de pr\u00e9sentation en forme de Bretagne<\/p>\n<ul>\n<li>En hetre de forte \u00e9paisseur pour une grande durabilit\u00e9.<\/li>\n<li>personnalisable (logo, texte, image)<\/li>\n<li>Finition Huil\u00e9e<\/li>\n<li>Delais de fabrication : 10 jours<\/li>\n<li>longueur a d\u00e9finir ensemble epaisseur 1.8cm<\/li>\n<li>ideale pour un ap\u00e9ro original<\/li>\n<li>Fait main en Bretagne<\/li>\n<\/ul>\n","protected":false},"excerpt":{"rendered":"<p>Planche \u00e0 decouper,planche ap\u00e9ro\u00a0 en forme de bretagne.<\/p>\n<p>Envi d&rsquo;une taille diff\u00e9rente, une demande particuliere, tout es possible<br \/>\nPrix sur devis, contacter nous via le site ou sur facebook<\/p>\n","protected":false},"featured_media":277,"comment_status":"open","ping_status":"closed","template":"","meta":[],"product_brand":[],"product_cat":[22],"product_tag":[26,30,36,24,25],"class_list":{"0":"post-276","1":"product","2":"type-product","3":"status-publish","4":"has-post-thumbnail","6":"product_cat-planche","7":"product_tag-apero","8":"product_tag-bois","9":"product_tag-breizh-planche","10":"product_tag-bretagne","11":"product_tag-planche","12":"product_shipping_class-mondial-relay","13":"align-left","14":"box-shadow-0","15":"box-shadow-0-hover","16":"ast-product-gallery-layout-horizontal","17":"ast-product-tabs-layout-horizontal","18":"ast-qv-on-image","20":"first","21":"instock","22":"shipping-taxable","23":"product-type-simple"},"_links":{"self":[{"href":"https:\/\/laparadedubois.fr\/index.php?rest_route=\/wp\/v2\/product\/276","targetHints":{"allow":["GET"]}}],"collection":[{"href":"https:\/\/laparadedubois.fr\/index.php?rest_route=\/wp\/v2\/product"}],"about":[{"href":"https:\/\/laparadedubois.fr\/index.php?rest_route=\/wp\/v2\/types\/product"}],"replies":[{"embeddable":true,"href":"https:\/\/laparadedubois.fr\/index.php?rest_route=%2Fwp%2Fv2%2Fcomments&post=276"}],"wp:featuredmedia":[{"embeddable":true,"href":"https:\/\/laparadedubois.fr\/index.php?rest_route=\/wp\/v2\/media\/277"}],"wp:attachment":[{"href":"https:\/\/laparadedubois.fr\/index.php?rest_route=%2Fwp%2Fv2%2Fmedia&parent=276"}],"wp:term":[{"taxonomy":"product_brand","embeddable":true,"href":"https:\/\/laparadedubois.fr\/index.php?rest_route=%2Fwp%2Fv2%2Fproduct_brand&post=276"},{"taxonomy":"product_cat","embeddable":true,"href":"https:\/\/laparadedubois.fr\/index.php?rest_route=%2Fwp%2Fv2%2Fproduct_cat&post=276"},{"taxonomy":"product_tag","embeddable":true,"href":"https:\/\/laparadedubois.fr\/index.php?rest_route=%2Fwp%2Fv2%2Fproduct_tag&post=276"}],"curies":[{"name":"wp","href":"https:\/\/api.w.org\/{rel}","templated":true}]}}