{"id":330,"date":"2021-01-21T23:36:18","date_gmt":"2021-01-21T22:36:18","guid":{"rendered":"https:\/\/laparadedubois.fr\/?post_type=product&#038;p=330"},"modified":"2021-02-04T16:34:02","modified_gmt":"2021-02-04T15:34:02","slug":"stylo-en-resine-bleu-et-pomme-de-pin","status":"publish","type":"product","link":"https:\/\/laparadedubois.fr\/?product=stylo-en-resine-bleu-et-pomme-de-pin","title":{"rendered":"Stylo en resine bleu et pomme de pin"},"content":{"rendered":"<p>Type: stylo bille<br \/>\nmontage classique d\u2019excellente qualit\u00e9<br \/>\nCouleur du placage : Chrome<br \/>\nMat\u00e9riau utilis\u00e9 pour le corps : Resine et pomme de pin<br \/>\nStylo rechargeable avec mine Parker<br \/>\nType m\u00e9canisme : quart tournant<br \/>\nlivr\u00e9 avec un \u00e9tui en su\u00e9dine<br \/>\nproduit unique<\/p>\n","protected":false},"excerpt":{"rendered":"<p>Stylo artisale en r\u00e9sine et pomme de pin<br \/>\nStylo a bille fait main en Bretagne<\/p>\n","protected":false},"featured_media":333,"comment_status":"open","ping_status":"closed","template":"","meta":[],"product_brand":[],"product_cat":[21,28],"product_tag":[31,30,33,29],"class_list":{"0":"post-330","1":"product","2":"type-product","3":"status-publish","4":"has-post-thumbnail","6":"product_cat-non-classe","7":"product_cat-stylos","8":"product_tag-artisanal","9":"product_tag-bois","10":"product_tag-resine","11":"product_tag-stylo","12":"align-left","13":"box-shadow-0","14":"box-shadow-0-hover","15":"ast-product-gallery-layout-horizontal","16":"ast-product-tabs-layout-horizontal","17":"ast-qv-on-image","19":"first","20":"instock","21":"shipping-taxable","22":"purchasable","23":"product-type-simple"},"_links":{"self":[{"href":"https:\/\/laparadedubois.fr\/index.php?rest_route=\/wp\/v2\/product\/330","targetHints":{"allow":["GET"]}}],"collection":[{"href":"https:\/\/laparadedubois.fr\/index.php?rest_route=\/wp\/v2\/product"}],"about":[{"href":"https:\/\/laparadedubois.fr\/index.php?rest_route=\/wp\/v2\/types\/product"}],"replies":[{"embeddable":true,"href":"https:\/\/laparadedubois.fr\/index.php?rest_route=%2Fwp%2Fv2%2Fcomments&post=330"}],"wp:featuredmedia":[{"embeddable":true,"href":"https:\/\/laparadedubois.fr\/index.php?rest_route=\/wp\/v2\/media\/333"}],"wp:attachment":[{"href":"https:\/\/laparadedubois.fr\/index.php?rest_route=%2Fwp%2Fv2%2Fmedia&parent=330"}],"wp:term":[{"taxonomy":"product_brand","embeddable":true,"href":"https:\/\/laparadedubois.fr\/index.php?rest_route=%2Fwp%2Fv2%2Fproduct_brand&post=330"},{"taxonomy":"product_cat","embeddable":true,"href":"https:\/\/laparadedubois.fr\/index.php?rest_route=%2Fwp%2Fv2%2Fproduct_cat&post=330"},{"taxonomy":"product_tag","embeddable":true,"href":"https:\/\/laparadedubois.fr\/index.php?rest_route=%2Fwp%2Fv2%2Fproduct_tag&post=330"}],"curies":[{"name":"wp","href":"https:\/\/api.w.org\/{rel}","templated":true}]}}