{"id":337,"date":"2021-01-22T00:01:40","date_gmt":"2021-01-21T23:01:40","guid":{"rendered":"https:\/\/laparadedubois.fr\/?post_type=product&#038;p=337"},"modified":"2024-12-11T19:40:15","modified_gmt":"2024-12-11T18:40:15","slug":"stylo-bois-papier-resine","status":"publish","type":"product","link":"https:\/\/laparadedubois.fr\/?product=stylo-bois-papier-resine","title":{"rendered":"Stylo Washi en Bois papier r\u00e9sine"},"content":{"rendered":"<p>Type: stylo bille<br \/>\nmontage classique d\u2019excellente qualit\u00e9<br \/>\nCouleur du placage : Chrome<br \/>\nMat\u00e9riau utilis\u00e9 pour le corps : Bois merisier, r\u00e9sine et papier washi<br \/>\nStylo rechargeable avec mine Parker<br \/>\nType m\u00e9canisme : quart tournant<br \/>\nlivr\u00e9 avec un \u00e9tui en su\u00e9dine<br \/>\nproduit unique<\/p>\n","protected":false},"excerpt":{"rendered":"<p>Stylo artisale en bois et papier proteg\u00e9 par une resine ultra transparante<br \/>\nStylo a bille fait main en Bretagne<\/p>\n","protected":false},"featured_media":338,"comment_status":"open","ping_status":"closed","template":"","meta":[],"product_brand":[],"product_cat":[21,28],"product_tag":[31,30,34,33,29],"class_list":{"0":"post-337","1":"product","2":"type-product","3":"status-publish","4":"has-post-thumbnail","6":"product_cat-non-classe","7":"product_cat-stylos","8":"product_tag-artisanal","9":"product_tag-bois","10":"product_tag-papier","11":"product_tag-resine","12":"product_tag-stylo","13":"product_shipping_class-lettre-suivi","14":"align-left","15":"box-shadow-0","16":"box-shadow-0-hover","17":"ast-product-gallery-layout-horizontal","18":"ast-product-tabs-layout-horizontal","19":"ast-qv-on-image","21":"first","22":"outofstock","23":"shipping-taxable","24":"purchasable","25":"product-type-simple"},"_links":{"self":[{"href":"https:\/\/laparadedubois.fr\/index.php?rest_route=\/wp\/v2\/product\/337","targetHints":{"allow":["GET"]}}],"collection":[{"href":"https:\/\/laparadedubois.fr\/index.php?rest_route=\/wp\/v2\/product"}],"about":[{"href":"https:\/\/laparadedubois.fr\/index.php?rest_route=\/wp\/v2\/types\/product"}],"replies":[{"embeddable":true,"href":"https:\/\/laparadedubois.fr\/index.php?rest_route=%2Fwp%2Fv2%2Fcomments&post=337"}],"wp:featuredmedia":[{"embeddable":true,"href":"https:\/\/laparadedubois.fr\/index.php?rest_route=\/wp\/v2\/media\/338"}],"wp:attachment":[{"href":"https:\/\/laparadedubois.fr\/index.php?rest_route=%2Fwp%2Fv2%2Fmedia&parent=337"}],"wp:term":[{"taxonomy":"product_brand","embeddable":true,"href":"https:\/\/laparadedubois.fr\/index.php?rest_route=%2Fwp%2Fv2%2Fproduct_brand&post=337"},{"taxonomy":"product_cat","embeddable":true,"href":"https:\/\/laparadedubois.fr\/index.php?rest_route=%2Fwp%2Fv2%2Fproduct_cat&post=337"},{"taxonomy":"product_tag","embeddable":true,"href":"https:\/\/laparadedubois.fr\/index.php?rest_route=%2Fwp%2Fv2%2Fproduct_tag&post=337"}],"curies":[{"name":"wp","href":"https:\/\/api.w.org\/{rel}","templated":true}]}}