{"id":416,"date":"2021-01-25T12:11:09","date_gmt":"2021-01-25T11:11:09","guid":{"rendered":"https:\/\/laparadedubois.fr\/?post_type=product&#038;p=416"},"modified":"2021-01-26T16:12:07","modified_gmt":"2021-01-26T15:12:07","slug":"stylo-branche-resine","status":"publish","type":"product","link":"https:\/\/laparadedubois.fr\/?product=stylo-branche-resine","title":{"rendered":"Stylo en r\u00e9sine incrust\u00e9 de branches"},"content":{"rendered":"<p>Type: stylo bille<br \/>\nmontage classique d&rsquo;excellente qualit\u00e9<br \/>\nCouleur du placage : Antracite<br \/>\nMat\u00e9riau utilis\u00e9 pour le corps : Bois de pommier, r\u00e9sine et branches<br \/>\nStylo rechargeable avec mine Parker<br \/>\nType m\u00e9canisme : quart tournant<br \/>\nlivr\u00e9 avec un \u00e9tui en su\u00e9dine<br \/>\nproduit unique<\/p>\n","protected":false},"excerpt":{"rendered":"<p>Stylo artisale en bois et resine<br \/>\nStylo a bille fait main en Bretagne<\/p>\n","protected":false},"featured_media":419,"comment_status":"open","ping_status":"closed","template":"","meta":[],"product_brand":[],"product_cat":[21,28],"product_tag":[31,30,33,29],"class_list":{"0":"post-416","1":"product","2":"type-product","3":"status-publish","4":"has-post-thumbnail","6":"product_cat-non-classe","7":"product_cat-stylos","8":"product_tag-artisanal","9":"product_tag-bois","10":"product_tag-resine","11":"product_tag-stylo","12":"product_shipping_class-lettre-suivi","13":"align-left","14":"box-shadow-0","15":"box-shadow-0-hover","16":"ast-product-gallery-layout-horizontal","17":"ast-product-tabs-layout-horizontal","18":"ast-qv-on-image","20":"first","21":"instock","22":"shipping-taxable","23":"purchasable","24":"product-type-simple"},"_links":{"self":[{"href":"https:\/\/laparadedubois.fr\/index.php?rest_route=\/wp\/v2\/product\/416","targetHints":{"allow":["GET"]}}],"collection":[{"href":"https:\/\/laparadedubois.fr\/index.php?rest_route=\/wp\/v2\/product"}],"about":[{"href":"https:\/\/laparadedubois.fr\/index.php?rest_route=\/wp\/v2\/types\/product"}],"replies":[{"embeddable":true,"href":"https:\/\/laparadedubois.fr\/index.php?rest_route=%2Fwp%2Fv2%2Fcomments&post=416"}],"wp:featuredmedia":[{"embeddable":true,"href":"https:\/\/laparadedubois.fr\/index.php?rest_route=\/wp\/v2\/media\/419"}],"wp:attachment":[{"href":"https:\/\/laparadedubois.fr\/index.php?rest_route=%2Fwp%2Fv2%2Fmedia&parent=416"}],"wp:term":[{"taxonomy":"product_brand","embeddable":true,"href":"https:\/\/laparadedubois.fr\/index.php?rest_route=%2Fwp%2Fv2%2Fproduct_brand&post=416"},{"taxonomy":"product_cat","embeddable":true,"href":"https:\/\/laparadedubois.fr\/index.php?rest_route=%2Fwp%2Fv2%2Fproduct_cat&post=416"},{"taxonomy":"product_tag","embeddable":true,"href":"https:\/\/laparadedubois.fr\/index.php?rest_route=%2Fwp%2Fv2%2Fproduct_tag&post=416"}],"curies":[{"name":"wp","href":"https:\/\/api.w.org\/{rel}","templated":true}]}}