{"id":514,"date":"2021-02-04T22:48:00","date_gmt":"2021-02-04T21:48:00","guid":{"rendered":"https:\/\/laparadedubois.fr\/?post_type=product&#038;p=514"},"modified":"2025-07-05T09:16:51","modified_gmt":"2025-07-05T07:16:51","slug":"decapsuleur-magnet-bretagne-personnalisbale","status":"publish","type":"product","link":"https:\/\/laparadedubois.fr\/?product=decapsuleur-magnet-bretagne-personnalisbale","title":{"rendered":"D\u00e9capsuleur magnet Bretagne Personnalisable"},"content":{"rendered":"<p>Ce super d\u00e9capsuleur et magnet repr\u00e9sentant la Bretagne vous accompagnera de longues Ann\u00e9es<br \/>\nEn Bois de H\u00eatre fait main en Bretagne<br \/>\nGravure laser<br \/>\nLe Texte : A vous de choisir : Ap\u00e9ro chez Loic, Ap\u00e9ro \u00e0 Morlaix, etc&#8230;<br \/>\nIl poss\u00e8de 2 aimants de forte puissance pour une bonne accroche sur votre frigo<br \/>\nId\u00e9al pour un souvenir, un cadeau d&rsquo;anniversaire, f\u00eate des p\u00e8res, une f\u00eate entre amis, et bien-sur pour se faire plaisir.<br \/>\ndimension 11cmx8cm<\/p>\n","protected":false},"excerpt":{"rendered":"<p>original et pratique<\/p>\n","protected":false},"featured_media":504,"comment_status":"open","ping_status":"closed","template":"","meta":[],"product_brand":[],"product_cat":[41,42],"product_tag":[30,24,43,44,47,45],"class_list":{"0":"post-514","1":"product","2":"type-product","3":"status-publish","4":"has-post-thumbnail","6":"product_cat-decapsuleur","7":"product_cat-magnet","8":"product_tag-bois","9":"product_tag-bretagne","10":"product_tag-decapsuleur","11":"product_tag-magnet","12":"product_tag-personnalisable","13":"product_tag-souvenir","14":"align-left","15":"box-shadow-0","16":"box-shadow-0-hover","17":"ast-product-gallery-layout-horizontal","18":"ast-product-tabs-layout-horizontal","19":"ast-qv-on-image","21":"first","22":"instock","23":"shipping-taxable","24":"purchasable","25":"product-type-simple"},"_links":{"self":[{"href":"https:\/\/laparadedubois.fr\/index.php?rest_route=\/wp\/v2\/product\/514","targetHints":{"allow":["GET"]}}],"collection":[{"href":"https:\/\/laparadedubois.fr\/index.php?rest_route=\/wp\/v2\/product"}],"about":[{"href":"https:\/\/laparadedubois.fr\/index.php?rest_route=\/wp\/v2\/types\/product"}],"replies":[{"embeddable":true,"href":"https:\/\/laparadedubois.fr\/index.php?rest_route=%2Fwp%2Fv2%2Fcomments&post=514"}],"wp:featuredmedia":[{"embeddable":true,"href":"https:\/\/laparadedubois.fr\/index.php?rest_route=\/wp\/v2\/media\/504"}],"wp:attachment":[{"href":"https:\/\/laparadedubois.fr\/index.php?rest_route=%2Fwp%2Fv2%2Fmedia&parent=514"}],"wp:term":[{"taxonomy":"product_brand","embeddable":true,"href":"https:\/\/laparadedubois.fr\/index.php?rest_route=%2Fwp%2Fv2%2Fproduct_brand&post=514"},{"taxonomy":"product_cat","embeddable":true,"href":"https:\/\/laparadedubois.fr\/index.php?rest_route=%2Fwp%2Fv2%2Fproduct_cat&post=514"},{"taxonomy":"product_tag","embeddable":true,"href":"https:\/\/laparadedubois.fr\/index.php?rest_route=%2Fwp%2Fv2%2Fproduct_tag&post=514"}],"curies":[{"name":"wp","href":"https:\/\/api.w.org\/{rel}","templated":true}]}}