{"id":523,"date":"2021-02-22T22:31:52","date_gmt":"2021-02-22T21:31:52","guid":{"rendered":"https:\/\/laparadedubois.fr\/?post_type=product&#038;p=523"},"modified":"2026-05-07T22:55:14","modified_gmt":"2026-05-07T20:55:14","slug":"decapsuleur-mural-avec-panier-tes-breton-si","status":"publish","type":"product","link":"https:\/\/laparadedubois.fr\/?product=decapsuleur-mural-avec-panier-tes-breton-si","title":{"rendered":"D\u00e9capsuleur mural avec panier : T&rsquo;es Breton si &#8230;.."},"content":{"rendered":"<p>Le d\u00e9capsuleur mural \u00a0: T&rsquo;es Breton si &#8230;&#8230;<\/p>\n<ul>\n<li>En pin massif<\/li>\n<li>gravure laser<\/li>\n<li>panier en poche \u00e0 hu\u00eetre r\u00e9cup\u00e9r\u00e9<\/li>\n<li>Finition vernis<\/li>\n<li>Accroche facile ( Une seule vis suffit)<\/li>\n<li>Fait main en Bretagne<\/li>\n<\/ul>\n","protected":false},"excerpt":{"rendered":"<p>Original<\/p>\n","protected":false},"featured_media":527,"comment_status":"open","ping_status":"closed","template":"","meta":[],"product_brand":[],"product_cat":[21,41],"product_tag":[26,30,24,43,49,48],"class_list":{"0":"post-523","1":"product","2":"type-product","3":"status-publish","4":"has-post-thumbnail","6":"product_cat-non-classe","7":"product_cat-decapsuleur","8":"product_tag-apero","9":"product_tag-bois","10":"product_tag-bretagne","11":"product_tag-decapsuleur","12":"product_tag-poche-huitre","13":"product_tag-recuperation","14":"product_shipping_class-mondial-relay","15":"align-left","16":"box-shadow-0","17":"box-shadow-0-hover","18":"ast-product-gallery-layout-horizontal","19":"ast-product-tabs-layout-horizontal","20":"ast-qv-on-image","22":"first","23":"instock","24":"shipping-taxable","25":"purchasable","26":"product-type-simple"},"_links":{"self":[{"href":"https:\/\/laparadedubois.fr\/index.php?rest_route=\/wp\/v2\/product\/523","targetHints":{"allow":["GET"]}}],"collection":[{"href":"https:\/\/laparadedubois.fr\/index.php?rest_route=\/wp\/v2\/product"}],"about":[{"href":"https:\/\/laparadedubois.fr\/index.php?rest_route=\/wp\/v2\/types\/product"}],"replies":[{"embeddable":true,"href":"https:\/\/laparadedubois.fr\/index.php?rest_route=%2Fwp%2Fv2%2Fcomments&post=523"}],"wp:featuredmedia":[{"embeddable":true,"href":"https:\/\/laparadedubois.fr\/index.php?rest_route=\/wp\/v2\/media\/527"}],"wp:attachment":[{"href":"https:\/\/laparadedubois.fr\/index.php?rest_route=%2Fwp%2Fv2%2Fmedia&parent=523"}],"wp:term":[{"taxonomy":"product_brand","embeddable":true,"href":"https:\/\/laparadedubois.fr\/index.php?rest_route=%2Fwp%2Fv2%2Fproduct_brand&post=523"},{"taxonomy":"product_cat","embeddable":true,"href":"https:\/\/laparadedubois.fr\/index.php?rest_route=%2Fwp%2Fv2%2Fproduct_cat&post=523"},{"taxonomy":"product_tag","embeddable":true,"href":"https:\/\/laparadedubois.fr\/index.php?rest_route=%2Fwp%2Fv2%2Fproduct_tag&post=523"}],"curies":[{"name":"wp","href":"https:\/\/api.w.org\/{rel}","templated":true}]}}