{"id":566,"date":"2021-03-30T10:36:20","date_gmt":"2021-03-30T08:36:20","guid":{"rendered":"https:\/\/laparadedubois.fr\/?post_type=product&#038;p=566"},"modified":"2026-04-25T11:45:59","modified_gmt":"2026-04-25T09:45:59","slug":"plaque-murale-bois-lettre-et-prenom","status":"publish","type":"product","link":"https:\/\/laparadedubois.fr\/?product=plaque-murale-bois-lettre-et-prenom","title":{"rendered":"Plaque murale bois pr\u00e9nom (tissus bleu)"},"content":{"rendered":"<p>Ideal pour un cadeau de naissance et pour d\u00e9corer la chambre de b\u00e9b\u00e9.<br \/>\nMati\u00e8re :Bois de peuplier de 5mm<br \/>\nLa lettre en capital est recouverte de tissus bleu \u00e0 motifs g\u00e9om\u00e9triques<br \/>\nHauteur environ 23cm suivant le type de lettre.<br \/>\nAccroche peigne pour une fixation tr\u00e8s simple avec une punaise ou un petit clou<br \/>\nD\u00e9lais de fabrication : 3 \u00e0 4 jours<br \/>\nfabrication artisanale en Bretagne.<br \/>\nUn joli cadeau \u00e0 s&rsquo;offrir ou \u00e0 offrir !<\/p>\n","protected":false},"excerpt":{"rendered":"<p>Pr\u00e9nom en Bois et Tissus<\/p>\n","protected":false},"featured_media":553,"comment_status":"open","ping_status":"closed","template":"","meta":[],"product_brand":[],"product_cat":[53,52],"product_tag":[30,56,57,55,47,54],"class_list":{"0":"post-566","1":"product","2":"type-product","3":"status-publish","4":"has-post-thumbnail","6":"product_cat-decoration-murale","7":"product_cat-prenom-bois","8":"product_tag-bois","9":"product_tag-chambre","10":"product_tag-decoation-murale","11":"product_tag-enfant","12":"product_tag-personnalisable","13":"product_tag-prenom","14":"align-left","15":"box-shadow-0","16":"box-shadow-0-hover","17":"ast-product-gallery-layout-horizontal","18":"ast-product-tabs-layout-horizontal","19":"ast-qv-on-image","21":"first","22":"instock","23":"shipping-taxable","24":"purchasable","25":"product-type-simple"},"_links":{"self":[{"href":"https:\/\/laparadedubois.fr\/index.php?rest_route=\/wp\/v2\/product\/566","targetHints":{"allow":["GET"]}}],"collection":[{"href":"https:\/\/laparadedubois.fr\/index.php?rest_route=\/wp\/v2\/product"}],"about":[{"href":"https:\/\/laparadedubois.fr\/index.php?rest_route=\/wp\/v2\/types\/product"}],"replies":[{"embeddable":true,"href":"https:\/\/laparadedubois.fr\/index.php?rest_route=%2Fwp%2Fv2%2Fcomments&post=566"}],"wp:featuredmedia":[{"embeddable":true,"href":"https:\/\/laparadedubois.fr\/index.php?rest_route=\/wp\/v2\/media\/553"}],"wp:attachment":[{"href":"https:\/\/laparadedubois.fr\/index.php?rest_route=%2Fwp%2Fv2%2Fmedia&parent=566"}],"wp:term":[{"taxonomy":"product_brand","embeddable":true,"href":"https:\/\/laparadedubois.fr\/index.php?rest_route=%2Fwp%2Fv2%2Fproduct_brand&post=566"},{"taxonomy":"product_cat","embeddable":true,"href":"https:\/\/laparadedubois.fr\/index.php?rest_route=%2Fwp%2Fv2%2Fproduct_cat&post=566"},{"taxonomy":"product_tag","embeddable":true,"href":"https:\/\/laparadedubois.fr\/index.php?rest_route=%2Fwp%2Fv2%2Fproduct_tag&post=566"}],"curies":[{"name":"wp","href":"https:\/\/api.w.org\/{rel}","templated":true}]}}